{"id":8112,"date":"2025-07-21T15:28:58","date_gmt":"2025-07-21T15:28:58","guid":{"rendered":"https:\/\/orthopedicsbooks.com\/?post_type=product&#038;p=8112"},"modified":"2026-01-17T03:25:24","modified_gmt":"2026-01-17T03:25:24","slug":"tecnicas-quirurgicas-de-pie-y-tobillo-spanish-edition","status":"publish","type":"product","link":"https:\/\/orthopedicsbooks.com\/?product=tecnicas-quirurgicas-de-pie-y-tobillo-spanish-edition","title":{"rendered":"T\u00e9cnicas quir\u00fargicas de pie y tobillo (Spanish Edition)"},"content":{"rendered":"<div>\n<div>T\u00e9cnicas quir\u00fargicas de pie y tobillo, una obra derivada de los cuatro vol\u00famenes de T\u00e9cnicas quir\u00fargicas en cirug\u00eda ortop\u00e9dica de los doctores Sam W. Wiesel y Todd J. Albert, aborda en un \u00fanico volumen todo sobre la atenci\u00f3n quir\u00fargica del pie. El contenido incluye magn\u00edficas ilustraciones a todo color y explicaciones paso a paso para dominar las t\u00e9cnicas quir\u00fargicas, seleccionar el mejor procedimiento, conocer sus indicaciones, evitar complicaciones y anticipar sus resultados. Escrita por destacados expertos de las m\u00e1s prestigiosas instituciones de ortopedia, esta 3.\u00aa edici\u00f3n liderada por el doctor Mark E. Easley demuestra con claridad y paso a paso c\u00f3mo realizar las diversas t\u00e9cnicas quir\u00fargicas, lo que lo convierte en un recurso esencial y de uso cotidiano para residentes y especialistas.<br \/>\nLos 140 cap\u00edtulos que conforman esta obra se encuentran organizados en seis secciones principales: antepi\u00e9, mediopi\u00e9, retropi\u00e9, tobillo, procedimientos para el tobillo y el retropi\u00e9 relacionados con el deporte, y trauma; adem\u00e1s, incluye una pr\u00e1ctica tabla para la exploraci\u00f3n del pie y el tobillo al final del libro.<\/div>\n<div>\n<p>\u00a0<\/p>\n<\/div>\n<\/div>\n","protected":false},"excerpt":{"rendered":"<p>T\u00e9cnicas quir\u00fargicas de pie y tobillo, una obra derivada de los cuatro vol\u00famenes de T\u00e9cnicas quir\u00fargicas en cirug\u00eda ortop\u00e9dica de los doctores Sam W. Wiesel y Todd J. Albert, aborda en un \u00fanico volumen todo sobre la atenci\u00f3n quir\u00fargica del pie. El contenido incluye magn\u00edficas ilustraciones a todo color y explicaciones paso a paso para [&hellip;]<\/p>\n","protected":false},"featured_media":8111,"comment_status":"open","ping_status":"closed","template":"","meta":[],"product_brand":[],"product_cat":[67],"product_tag":[],"class_list":{"0":"post-8112","1":"product","2":"type-product","3":"status-publish","4":"has-post-thumbnail","6":"product_cat-ortopedia-spanish","8":"first","9":"instock","10":"sale","11":"downloadable","12":"virtual","13":"purchasable","14":"product-type-simple"},"_links":{"self":[{"href":"https:\/\/orthopedicsbooks.com\/index.php?rest_route=\/wp\/v2\/product\/8112","targetHints":{"allow":["GET"]}}],"collection":[{"href":"https:\/\/orthopedicsbooks.com\/index.php?rest_route=\/wp\/v2\/product"}],"about":[{"href":"https:\/\/orthopedicsbooks.com\/index.php?rest_route=\/wp\/v2\/types\/product"}],"replies":[{"embeddable":true,"href":"https:\/\/orthopedicsbooks.com\/index.php?rest_route=%2Fwp%2Fv2%2Fcomments&post=8112"}],"wp:featuredmedia":[{"embeddable":true,"href":"https:\/\/orthopedicsbooks.com\/index.php?rest_route=\/wp\/v2\/media\/8111"}],"wp:attachment":[{"href":"https:\/\/orthopedicsbooks.com\/index.php?rest_route=%2Fwp%2Fv2%2Fmedia&parent=8112"}],"wp:term":[{"taxonomy":"product_brand","embeddable":true,"href":"https:\/\/orthopedicsbooks.com\/index.php?rest_route=%2Fwp%2Fv2%2Fproduct_brand&post=8112"},{"taxonomy":"product_cat","embeddable":true,"href":"https:\/\/orthopedicsbooks.com\/index.php?rest_route=%2Fwp%2Fv2%2Fproduct_cat&post=8112"},{"taxonomy":"product_tag","embeddable":true,"href":"https:\/\/orthopedicsbooks.com\/index.php?rest_route=%2Fwp%2Fv2%2Fproduct_tag&post=8112"}],"curies":[{"name":"wp","href":"https:\/\/api.w.org\/{rel}","templated":true}]}}