{"id":8114,"date":"2025-07-21T15:28:58","date_gmt":"2025-07-21T15:28:58","guid":{"rendered":"https:\/\/orthopedicsbooks.com\/?post_type=product&#038;p=8114"},"modified":"2025-07-21T15:28:58","modified_gmt":"2025-07-21T15:28:58","slug":"atlas-de-anatomia-palpatoria-tomo-2-miembro-inferior","status":"publish","type":"product","link":"https:\/\/orthopedicsbooks.com\/?product=atlas-de-anatomia-palpatoria-tomo-2-miembro-inferior","title":{"rendered":"Atlas de anatom\u00eda palpatoria. Tomo 2. Miembro inferior"},"content":{"rendered":"<div>\n<div>Aborda los \u00faltimos avances en inserciones musculares y de los ligamentos, as\u00ed como las nuevas t\u00e9cnicas propuestas para el cuello, hombro y brazo. Dividido\u00a0en 4 partes: Osteolog\u00eda, Artrolog\u00eda, Miolog\u00eda, Nervios y vasos. Fiel al esp\u00edritu de la edici\u00f3n previa, esta sexta edici\u00f3n ofrece un contenido desglosado en estructuras y regiones anat\u00f3micas, conforme a los programas docentes. Dise\u00f1o en color que facilita la localizaci\u00f3n de los contenido. Incluye alrededor de 450 fotograf\u00edas y alrededor de un centenar de placas anat\u00f3micas.\u00a0Desde su primera edici\u00f3n, este Atlas de anatom\u00eda palpatoria se ha consolidado como la herramienta de referencia para comprender la anatom\u00eda pr\u00e1ctica y cl\u00ednica del miembro inferior. Permite un mejor abordaje diagn\u00f3stico, ya que la palpaci\u00f3n constituye una de las etapas clave de la exploraci\u00f3n f\u00edsica, y una mejor aplicaci\u00f3n de las t\u00e9cnicas manuales (articulares, miotensivas y de neuromovilizaci\u00f3n). La obra est\u00e1 organizada en cuatro partes: Osteolog\u00eda, Artrolog\u00eda, Miolog\u00eda y Nervios y vasos, y presenta de forma concreta las diferentes regiones anat\u00f3micas (cadera, muslo, rodilla, pierna, tobillo y pie), mediante 60 l\u00e1minas anat\u00f3micas en color y cerca de 450 fotograf\u00edas en blanco y negro, captadas todas ellas en personas vivas, que permiten apreciar con m\u00e1s claridad y precisi\u00f3n los vol\u00famenes y las estructuras anat\u00f3micas (huesos, tendones, m\u00fasculos, superficies articulares y ligamentos). Fiel al esp\u00edritu de la edici\u00f3n previa, esta sexta edici\u00f3n ofrece un contenido desglosado en estructuras y regiones anat\u00f3micas, conforme a los programas docentes, todo ello con un dise\u00f1o en color que facilita la localizaci\u00f3n de los contenidos. Esta sexta edici\u00f3n incluye im\u00e1genes y l\u00e1minas anat\u00f3micas revisadas y actualizadas (n\u00fameros en las estructuras palpadas, contraste de las im\u00e1genes); fotograf\u00edas optimizadas que permiten una mejor legibilidad de los vol\u00famenes; y nuevas flechas en la punta de los dedos del terapeuta que realiza la palpaci\u00f3n, para mayor precisi\u00f3n.<\/div>\n<div>\n<div><\/div>\n<p><i><\/i>Read more<\/p>\n<\/div>\n<\/div>\n","protected":false},"excerpt":{"rendered":"<p>Aborda los \u00faltimos avances en inserciones musculares y de los ligamentos, as\u00ed como las nuevas t\u00e9cnicas propuestas para el cuello, hombro y brazo. Dividido\u00a0en 4 partes: Osteolog\u00eda, Artrolog\u00eda, Miolog\u00eda, Nervios y vasos. Fiel al esp\u00edritu de la edici\u00f3n previa, esta sexta edici\u00f3n ofrece un contenido desglosado en estructuras y regiones anat\u00f3micas, conforme a los programas [&hellip;]<\/p>\n","protected":false},"featured_media":8113,"comment_status":"open","ping_status":"closed","template":"","meta":[],"product_brand":[],"product_cat":[67],"product_tag":[],"class_list":{"0":"post-8114","1":"product","2":"type-product","3":"status-publish","4":"has-post-thumbnail","6":"product_cat-ortopedia-spanish","8":"first","9":"instock","10":"sale","11":"downloadable","12":"virtual","13":"purchasable","14":"product-type-simple"},"_links":{"self":[{"href":"https:\/\/orthopedicsbooks.com\/index.php?rest_route=\/wp\/v2\/product\/8114","targetHints":{"allow":["GET"]}}],"collection":[{"href":"https:\/\/orthopedicsbooks.com\/index.php?rest_route=\/wp\/v2\/product"}],"about":[{"href":"https:\/\/orthopedicsbooks.com\/index.php?rest_route=\/wp\/v2\/types\/product"}],"replies":[{"embeddable":true,"href":"https:\/\/orthopedicsbooks.com\/index.php?rest_route=%2Fwp%2Fv2%2Fcomments&post=8114"}],"wp:featuredmedia":[{"embeddable":true,"href":"https:\/\/orthopedicsbooks.com\/index.php?rest_route=\/wp\/v2\/media\/8113"}],"wp:attachment":[{"href":"https:\/\/orthopedicsbooks.com\/index.php?rest_route=%2Fwp%2Fv2%2Fmedia&parent=8114"}],"wp:term":[{"taxonomy":"product_brand","embeddable":true,"href":"https:\/\/orthopedicsbooks.com\/index.php?rest_route=%2Fwp%2Fv2%2Fproduct_brand&post=8114"},{"taxonomy":"product_cat","embeddable":true,"href":"https:\/\/orthopedicsbooks.com\/index.php?rest_route=%2Fwp%2Fv2%2Fproduct_cat&post=8114"},{"taxonomy":"product_tag","embeddable":true,"href":"https:\/\/orthopedicsbooks.com\/index.php?rest_route=%2Fwp%2Fv2%2Fproduct_tag&post=8114"}],"curies":[{"name":"wp","href":"https:\/\/api.w.org\/{rel}","templated":true}]}}