{"id":8116,"date":"2025-07-21T15:28:58","date_gmt":"2025-07-21T15:28:58","guid":{"rendered":"https:\/\/orthopedicsbooks.com\/?post_type=product&#038;p=8116"},"modified":"2026-03-06T00:21:50","modified_gmt":"2026-03-06T00:21:50","slug":"protesis-en-mano-muneca-y-codo-spanish-edition","status":"publish","type":"product","link":"https:\/\/orthopedicsbooks.com\/?product=protesis-en-mano-muneca-y-codo-spanish-edition","title":{"rendered":"Pr\u00f3tesis en mano, mu\u00f1eca y codo (Spanish Edition)"},"content":{"rendered":"<div>\n<div>\n<ul>\n<li>Aporta una exposici\u00f3n t\u00e9cnica y exhaustiva de los materiales utilizados en la artroplastia, incluidas sus caracter\u00edsticas, y sus puntos fuertes y d\u00e9biles.<\/li>\n<li>Comienza con un cap\u00edtulo de aproximaci\u00f3n biomec\u00e1nica a la regi\u00f3n, seguido de cap\u00edtulos sucintos y sistem\u00e1ticamente organizados sobre procedimientos espec\u00edficos.<\/li>\n<li>Se trata de un recurso muy pr\u00e1ctico, ideal para la revisi\u00f3n del procedimiento antes de realizar la cirug\u00eda. Como tal, es una lectura esencial para los cirujanos ortop\u00e9dicos en formaci\u00f3n o en ejercicio y, por supuesto, para los especialistas en cirug\u00eda de la mano.<\/li>\n<li>Permite mejorar la t\u00e9cnica y optimizar los resultados gracias a \u00fatiles consejos y a la explicaci\u00f3n de posibles errores.<\/li>\n<li>Constituye un manual \u00fanico, al abordar la necesidad de normalizar la indicaci\u00f3n y colocaci\u00f3n de pr\u00f3tesis articulares como procedimientos de salvamento en artropat\u00edas disfuncionales en mano, mu\u00f1eca y codo.<\/li>\n<\/ul>\n<p>La cirug\u00eda de la mano es una especialidad en constante desarrollo. Los avances en la artroplastia de peque\u00f1as articulaciones han mejorado enormemente el tratamiento y los resultados en pacientes con traumatismos, artritis, rigidez e inestabilidad de las articulaciones de la mano y la mu\u00f1eca. Pr\u00f3tesis en mano, mu\u00f1eca y codo aborda en profundidad la reconstrucci\u00f3n o sustituci\u00f3n quir\u00fargica de estas articulaciones.<\/p>\n<p>El prop\u00f3sito principal de la obra es poner en conocimiento las distintas t\u00e9cnicas quir\u00fargicas e implantes prot\u00e9sicos de los que se dispone actualmente, para poder entender y avanzar en este campo. Asimismo, se describe la correcta recuperaci\u00f3n funcional, precoz y segura, realizada por fisioterapeutas especializados, y de igual importancia que la propia cirug\u00eda.<\/p>\n<\/div>\n<\/div>\n","protected":false},"excerpt":{"rendered":"<p>Aporta una exposici\u00f3n t\u00e9cnica y exhaustiva de los materiales utilizados en la artroplastia, incluidas sus caracter\u00edsticas, y sus puntos fuertes y d\u00e9biles. Comienza con un cap\u00edtulo de aproximaci\u00f3n biomec\u00e1nica a la regi\u00f3n, seguido de cap\u00edtulos sucintos y sistem\u00e1ticamente organizados sobre procedimientos espec\u00edficos. Se trata de un recurso muy pr\u00e1ctico, ideal para la revisi\u00f3n del procedimiento [&hellip;]<\/p>\n","protected":false},"featured_media":8115,"comment_status":"open","ping_status":"closed","template":"","meta":[],"product_brand":[],"product_cat":[67],"product_tag":[],"class_list":{"0":"post-8116","1":"product","2":"type-product","3":"status-publish","4":"has-post-thumbnail","6":"product_cat-ortopedia-spanish","8":"first","9":"instock","10":"sale","11":"downloadable","12":"virtual","13":"purchasable","14":"product-type-simple"},"_links":{"self":[{"href":"https:\/\/orthopedicsbooks.com\/index.php?rest_route=\/wp\/v2\/product\/8116","targetHints":{"allow":["GET"]}}],"collection":[{"href":"https:\/\/orthopedicsbooks.com\/index.php?rest_route=\/wp\/v2\/product"}],"about":[{"href":"https:\/\/orthopedicsbooks.com\/index.php?rest_route=\/wp\/v2\/types\/product"}],"replies":[{"embeddable":true,"href":"https:\/\/orthopedicsbooks.com\/index.php?rest_route=%2Fwp%2Fv2%2Fcomments&post=8116"}],"wp:featuredmedia":[{"embeddable":true,"href":"https:\/\/orthopedicsbooks.com\/index.php?rest_route=\/wp\/v2\/media\/8115"}],"wp:attachment":[{"href":"https:\/\/orthopedicsbooks.com\/index.php?rest_route=%2Fwp%2Fv2%2Fmedia&parent=8116"}],"wp:term":[{"taxonomy":"product_brand","embeddable":true,"href":"https:\/\/orthopedicsbooks.com\/index.php?rest_route=%2Fwp%2Fv2%2Fproduct_brand&post=8116"},{"taxonomy":"product_cat","embeddable":true,"href":"https:\/\/orthopedicsbooks.com\/index.php?rest_route=%2Fwp%2Fv2%2Fproduct_cat&post=8116"},{"taxonomy":"product_tag","embeddable":true,"href":"https:\/\/orthopedicsbooks.com\/index.php?rest_route=%2Fwp%2Fv2%2Fproduct_tag&post=8116"}],"curies":[{"name":"wp","href":"https:\/\/api.w.org\/{rel}","templated":true}]}}