{"id":8118,"date":"2025-07-21T15:28:58","date_gmt":"2025-07-21T15:28:58","guid":{"rendered":"https:\/\/orthopedicsbooks.com\/?post_type=product&#038;p=8118"},"modified":"2026-02-21T12:42:59","modified_gmt":"2026-02-21T12:42:59","slug":"mcrae-traumatologia-tratamiento-de-las-fracturas-en-urgencias-spanish-edition","status":"publish","type":"product","link":"https:\/\/orthopedicsbooks.com\/?product=mcrae-traumatologia-tratamiento-de-las-fracturas-en-urgencias-spanish-edition","title":{"rendered":"McRae. Traumatolog\u00eda. Tratamiento de las fracturas en urgencias (Spanish Edition)"},"content":{"rendered":"<div>\n<div>\n<ul>\n<li>Cobertura integral de todos los traumatismos musculoesquel\u00e9ticos que se presentan en urgencias, quir\u00f3fano y consulta.<\/li>\n<li>Texto e ilustraciones did\u00e1cticos para guiar paso a paso a trav\u00e9s de la anatom\u00eda, la exploraci\u00f3n y las pruebas diagn\u00f3sticas.<\/li>\n<li>M\u00e1s de 500 ilustraciones y 250 radiograf\u00edas.<\/li>\n<li>Procedimientos pr\u00e1cticos, como reducci\u00f3n e inmovilizaci\u00f3n de fracturas y luxaciones, explicados paso a paso.<\/li>\n<li>Descripciones detalladas de los principios de la cirug\u00eda traumatol\u00f3gica y de las diferentes t\u00e9cnicas quir\u00fargicas, que proporcionan una preparaci\u00f3n excelente para el quir\u00f3fano.<\/li>\n<li>Marco de actuaci\u00f3n ante el tratamiento, las complicaciones y el seguimiento postoperatorios.<\/li>\n<\/ul>\n<p>McRae. Traumatolog\u00eda. Tratamiento de las fracturas en urgencias es la gu\u00eda de supervivencia fundamental y m\u00e1s vendida para el cirujano ortop\u00e9dico, el m\u00e9dico en formaci\u00f3n y el especialista que tratan a pacientes lesionados en urgencias o servicios de traumatolog\u00eda. Esta cuarta edici\u00f3n se ha revisado y actualizado completamente, conservando la esencia y los principios del libro original de McRae, pero con textos e ilustraciones nuevos para mantenerlo al d\u00eda.<\/p>\n<\/div>\n<\/div>\n","protected":false},"excerpt":{"rendered":"<p>Cobertura integral de todos los traumatismos musculoesquel\u00e9ticos que se presentan en urgencias, quir\u00f3fano y consulta. Texto e ilustraciones did\u00e1cticos para guiar paso a paso a trav\u00e9s de la anatom\u00eda, la exploraci\u00f3n y las pruebas diagn\u00f3sticas. M\u00e1s de 500 ilustraciones y 250 radiograf\u00edas. Procedimientos pr\u00e1cticos, como reducci\u00f3n e inmovilizaci\u00f3n de fracturas y luxaciones, explicados paso a [&hellip;]<\/p>\n","protected":false},"featured_media":8117,"comment_status":"open","ping_status":"closed","template":"","meta":[],"product_brand":[],"product_cat":[67],"product_tag":[],"class_list":{"0":"post-8118","1":"product","2":"type-product","3":"status-publish","4":"has-post-thumbnail","6":"product_cat-ortopedia-spanish","8":"first","9":"instock","10":"sale","11":"downloadable","12":"virtual","13":"purchasable","14":"product-type-simple"},"_links":{"self":[{"href":"https:\/\/orthopedicsbooks.com\/index.php?rest_route=\/wp\/v2\/product\/8118","targetHints":{"allow":["GET"]}}],"collection":[{"href":"https:\/\/orthopedicsbooks.com\/index.php?rest_route=\/wp\/v2\/product"}],"about":[{"href":"https:\/\/orthopedicsbooks.com\/index.php?rest_route=\/wp\/v2\/types\/product"}],"replies":[{"embeddable":true,"href":"https:\/\/orthopedicsbooks.com\/index.php?rest_route=%2Fwp%2Fv2%2Fcomments&post=8118"}],"wp:featuredmedia":[{"embeddable":true,"href":"https:\/\/orthopedicsbooks.com\/index.php?rest_route=\/wp\/v2\/media\/8117"}],"wp:attachment":[{"href":"https:\/\/orthopedicsbooks.com\/index.php?rest_route=%2Fwp%2Fv2%2Fmedia&parent=8118"}],"wp:term":[{"taxonomy":"product_brand","embeddable":true,"href":"https:\/\/orthopedicsbooks.com\/index.php?rest_route=%2Fwp%2Fv2%2Fproduct_brand&post=8118"},{"taxonomy":"product_cat","embeddable":true,"href":"https:\/\/orthopedicsbooks.com\/index.php?rest_route=%2Fwp%2Fv2%2Fproduct_cat&post=8118"},{"taxonomy":"product_tag","embeddable":true,"href":"https:\/\/orthopedicsbooks.com\/index.php?rest_route=%2Fwp%2Fv2%2Fproduct_tag&post=8118"}],"curies":[{"name":"wp","href":"https:\/\/api.w.org\/{rel}","templated":true}]}}