{"id":8120,"date":"2025-07-21T15:28:58","date_gmt":"2025-07-21T15:28:58","guid":{"rendered":"https:\/\/orthopedicsbooks.com\/?post_type=product&#038;p=8120"},"modified":"2026-02-21T12:42:59","modified_gmt":"2026-02-21T12:42:59","slug":"sobotta-tablas-de-musculos-articulaciones-y-nervios-spanish-edition","status":"publish","type":"product","link":"https:\/\/orthopedicsbooks.com\/?product=sobotta-tablas-de-musculos-articulaciones-y-nervios-spanish-edition","title":{"rendered":"Sobotta. Tablas de m\u00fasculos, articulaciones y nervios (Spanish Edition)"},"content":{"rendered":"<div>\n<div>\n<ul>\n<li>Nueva edici\u00f3n del cuaderno de tablas de Sobotta en el nuevo formato encuadernado en espiral que lo hace m\u00e1s manejable y c\u00f3modo para la consulta.<\/li>\n<li>Incorpora todas las novedades que se recogen en cada uno de los vol\u00famenes de la nueva ed del Sobotta, Atlas de anatom\u00eda humana 25\u00aa ed.<\/li>\n<li>Es un contenido de alto valor did\u00e1ctico, ya que en un solo volumen se recoge toda la informaci\u00f3n relativa a los m\u00fasculos, articulaciones y nervios del cuerpo humano y todo ello con el valor a\u00f1adido que le confiere la marca Sobotta.<\/li>\n<li>Se organiza en regiones: Cabeza, cuello,\u00a0tronco, miembro superior, miembro inferior. A lo largo del texto se usa la negrita para resaltar los t\u00e9rminos m\u00e1s importantes.<\/li>\n<\/ul>\n<\/div>\n<\/div>\n","protected":false},"excerpt":{"rendered":"<p>Nueva edici\u00f3n del cuaderno de tablas de Sobotta en el nuevo formato encuadernado en espiral que lo hace m\u00e1s manejable y c\u00f3modo para la consulta. Incorpora todas las novedades que se recogen en cada uno de los vol\u00famenes de la nueva ed del Sobotta, Atlas de anatom\u00eda humana 25\u00aa ed. Es un contenido de alto [&hellip;]<\/p>\n","protected":false},"featured_media":8119,"comment_status":"open","ping_status":"closed","template":"","meta":[],"product_brand":[],"product_cat":[67],"product_tag":[],"class_list":{"0":"post-8120","1":"product","2":"type-product","3":"status-publish","4":"has-post-thumbnail","6":"product_cat-ortopedia-spanish","8":"first","9":"instock","10":"sale","11":"downloadable","12":"virtual","13":"purchasable","14":"product-type-simple"},"_links":{"self":[{"href":"https:\/\/orthopedicsbooks.com\/index.php?rest_route=\/wp\/v2\/product\/8120","targetHints":{"allow":["GET"]}}],"collection":[{"href":"https:\/\/orthopedicsbooks.com\/index.php?rest_route=\/wp\/v2\/product"}],"about":[{"href":"https:\/\/orthopedicsbooks.com\/index.php?rest_route=\/wp\/v2\/types\/product"}],"replies":[{"embeddable":true,"href":"https:\/\/orthopedicsbooks.com\/index.php?rest_route=%2Fwp%2Fv2%2Fcomments&post=8120"}],"wp:featuredmedia":[{"embeddable":true,"href":"https:\/\/orthopedicsbooks.com\/index.php?rest_route=\/wp\/v2\/media\/8119"}],"wp:attachment":[{"href":"https:\/\/orthopedicsbooks.com\/index.php?rest_route=%2Fwp%2Fv2%2Fmedia&parent=8120"}],"wp:term":[{"taxonomy":"product_brand","embeddable":true,"href":"https:\/\/orthopedicsbooks.com\/index.php?rest_route=%2Fwp%2Fv2%2Fproduct_brand&post=8120"},{"taxonomy":"product_cat","embeddable":true,"href":"https:\/\/orthopedicsbooks.com\/index.php?rest_route=%2Fwp%2Fv2%2Fproduct_cat&post=8120"},{"taxonomy":"product_tag","embeddable":true,"href":"https:\/\/orthopedicsbooks.com\/index.php?rest_route=%2Fwp%2Fv2%2Fproduct_tag&post=8120"}],"curies":[{"name":"wp","href":"https:\/\/api.w.org\/{rel}","templated":true}]}}