{"id":8122,"date":"2025-07-21T15:28:58","date_gmt":"2025-07-21T15:28:58","guid":{"rendered":"https:\/\/orthopedicsbooks.com\/?post_type=product&#038;p=8122"},"modified":"2026-02-21T12:42:59","modified_gmt":"2026-02-21T12:42:59","slug":"netter-sistema-musculoesqueletico-integrado-spanish-edition","status":"publish","type":"product","link":"https:\/\/orthopedicsbooks.com\/?product=netter-sistema-musculoesqueletico-integrado-spanish-edition","title":{"rendered":"Netter. Sistema musculoesquel\u00e9tico integrado (Spanish Edition)"},"content":{"rendered":"<div>\n<ul>\n<li>Adopta un enfoque integrado que incluye anatom\u00eda general, fisiolog\u00eda, bioqu\u00edmica, neurociencia, histolog\u00eda y otras ciencias relevantes para ayudar a los lectores a comprender mejor el sistema musculoesquel\u00e9tico.<\/li>\n<li>Presenta contenido esencial de una manera f\u00e1cil de entender, lo pone en contexto y luego lo elabora con m\u00e1s detalle, estableciendo conexiones entre \u00e1reas de contenido y reduciendo la necesidad de m\u00faltiples recursos de estudio.<\/li>\n<li>Presenta cuadros de correlaciones cl\u00ednicas en todas partes; incluye un ap\u00e9ndice de ep\u00f3nimos de uso com\u00fan para ayudar a los lectores a comunicarse entre disciplinas y un ap\u00e9ndice de ra\u00edces latinas, griegas y \u00e1rabes para t\u00e9rminos anat\u00f3micos.<\/li>\n<li>Dise\u00f1ado para usarse de manera efectiva en planes de estudio integrados y dise\u00f1ados longitudinalmente, para una amplia gama de estudiantes de ciencias de la salud, con tareas de lectura concisas y cuidadosamente organizadas y \u00e1reas de estudio discretas para cada lecci\u00f3n.<\/li>\n<li>Versi\u00f3n de libro electr\u00f3nico mejorada incluida con la compra. Su libro electr\u00f3nico mejorado le permite acceder a todo el texto, las figuras y las referencias del libro en una variedad de dispositivos.<\/li>\n<\/ul>\n<\/div>\n","protected":false},"excerpt":{"rendered":"<p>Adopta un enfoque integrado que incluye anatom\u00eda general, fisiolog\u00eda, bioqu\u00edmica, neurociencia, histolog\u00eda y otras ciencias relevantes para ayudar a los lectores a comprender mejor el sistema musculoesquel\u00e9tico. Presenta contenido esencial de una manera f\u00e1cil de entender, lo pone en contexto y luego lo elabora con m\u00e1s detalle, estableciendo conexiones entre \u00e1reas de contenido y reduciendo [&hellip;]<\/p>\n","protected":false},"featured_media":8121,"comment_status":"open","ping_status":"closed","template":"","meta":[],"product_brand":[],"product_cat":[67],"product_tag":[],"class_list":{"0":"post-8122","1":"product","2":"type-product","3":"status-publish","4":"has-post-thumbnail","6":"product_cat-ortopedia-spanish","8":"first","9":"instock","10":"sale","11":"downloadable","12":"virtual","13":"purchasable","14":"product-type-simple"},"_links":{"self":[{"href":"https:\/\/orthopedicsbooks.com\/index.php?rest_route=\/wp\/v2\/product\/8122","targetHints":{"allow":["GET"]}}],"collection":[{"href":"https:\/\/orthopedicsbooks.com\/index.php?rest_route=\/wp\/v2\/product"}],"about":[{"href":"https:\/\/orthopedicsbooks.com\/index.php?rest_route=\/wp\/v2\/types\/product"}],"replies":[{"embeddable":true,"href":"https:\/\/orthopedicsbooks.com\/index.php?rest_route=%2Fwp%2Fv2%2Fcomments&post=8122"}],"wp:featuredmedia":[{"embeddable":true,"href":"https:\/\/orthopedicsbooks.com\/index.php?rest_route=\/wp\/v2\/media\/8121"}],"wp:attachment":[{"href":"https:\/\/orthopedicsbooks.com\/index.php?rest_route=%2Fwp%2Fv2%2Fmedia&parent=8122"}],"wp:term":[{"taxonomy":"product_brand","embeddable":true,"href":"https:\/\/orthopedicsbooks.com\/index.php?rest_route=%2Fwp%2Fv2%2Fproduct_brand&post=8122"},{"taxonomy":"product_cat","embeddable":true,"href":"https:\/\/orthopedicsbooks.com\/index.php?rest_route=%2Fwp%2Fv2%2Fproduct_cat&post=8122"},{"taxonomy":"product_tag","embeddable":true,"href":"https:\/\/orthopedicsbooks.com\/index.php?rest_route=%2Fwp%2Fv2%2Fproduct_tag&post=8122"}],"curies":[{"name":"wp","href":"https:\/\/api.w.org\/{rel}","templated":true}]}}