{"id":8128,"date":"2025-07-21T15:28:58","date_gmt":"2025-07-21T15:28:58","guid":{"rendered":"https:\/\/orthopedicsbooks.com\/?post_type=product&#038;p=8128"},"modified":"2025-12-30T07:55:27","modified_gmt":"2025-12-30T07:55:27","slug":"vias-de-abordaje-de-cirugia-ortopedica-un-enfoque-anatomico-spanish-edition","status":"publish","type":"product","link":"https:\/\/orthopedicsbooks.com\/?product=vias-de-abordaje-de-cirugia-ortopedica-un-enfoque-anatomico-spanish-edition","title":{"rendered":"V\u00edas de abordaje de cirug\u00eda ortop\u00e9dica. Un enfoque anat\u00f3mico (Spanish Edition)"},"content":{"rendered":"<div>\n<div>Durante casi 40 a\u00f1os, V\u00edas de abordaje en cirug\u00eda ortop\u00e9dica. Un enfoque anat\u00f3mico ha contribuido a que generaciones de cirujanos ortopedistas ampl\u00eden y dominen sus conocimientos anat\u00f3micos, y mejoren la seguridad y los resultados de sus pacientes. La 6.\u00aa edici\u00f3n, actualizada y revisada en su totalidad, preserva el legado del Dr. Stanley Hoppenfeld (1934-2020), una de las voces m\u00e1s importantes en la especialidad y cuyas ideas han tenido una gran influencia en la ortopedia que se practica en todo el mundo. Con los doctores de Boer y Buckley como coautores, este cl\u00e1sico ofrece una visi\u00f3n clara de la anatom\u00eda ortop\u00e9dica desde la perspectiva del cirujano a trav\u00e9s de descripciones f\u00e1ciles de seguir y cientos de magn\u00edficas ilustraciones a todo color.<br \/>\nLa obra dedica doce de sus trece cap\u00edtulos a la anatom\u00eda quir\u00fargica de las articulaciones y estructuras \u00f3seas m\u00e1s importantes: hombro, h\u00famero, codo, antebrazo, mu\u00f1eca y mano, columna vertebral, pelvis y acet\u00e1bulo, cadera, f\u00e9mur, rodilla, tibia y f\u00edbula, pie y tobillo. El apartado final se enfoca en los abordajes para la colocaci\u00f3n de dispositivos de fijaci\u00f3n externa.<\/div>\n<div>\n<p>&nbsp;<\/p>\n<\/div>\n<\/div>\n","protected":false},"excerpt":{"rendered":"<p>Durante casi 40 a\u00f1os, V\u00edas de abordaje en cirug\u00eda ortop\u00e9dica. Un enfoque anat\u00f3mico ha contribuido a que generaciones de cirujanos ortopedistas ampl\u00eden y dominen sus conocimientos anat\u00f3micos, y mejoren la seguridad y los resultados de sus pacientes. La 6.\u00aa edici\u00f3n, actualizada y revisada en su totalidad, preserva el legado del Dr. Stanley Hoppenfeld (1934-2020), una [&hellip;]<\/p>\n","protected":false},"featured_media":8127,"comment_status":"open","ping_status":"closed","template":"","meta":[],"product_brand":[],"product_cat":[67],"product_tag":[],"class_list":{"0":"post-8128","1":"product","2":"type-product","3":"status-publish","4":"has-post-thumbnail","6":"product_cat-ortopedia-spanish","8":"first","9":"instock","10":"sale","11":"downloadable","12":"virtual","13":"purchasable","14":"product-type-simple"},"_links":{"self":[{"href":"https:\/\/orthopedicsbooks.com\/index.php?rest_route=\/wp\/v2\/product\/8128","targetHints":{"allow":["GET"]}}],"collection":[{"href":"https:\/\/orthopedicsbooks.com\/index.php?rest_route=\/wp\/v2\/product"}],"about":[{"href":"https:\/\/orthopedicsbooks.com\/index.php?rest_route=\/wp\/v2\/types\/product"}],"replies":[{"embeddable":true,"href":"https:\/\/orthopedicsbooks.com\/index.php?rest_route=%2Fwp%2Fv2%2Fcomments&post=8128"}],"wp:featuredmedia":[{"embeddable":true,"href":"https:\/\/orthopedicsbooks.com\/index.php?rest_route=\/wp\/v2\/media\/8127"}],"wp:attachment":[{"href":"https:\/\/orthopedicsbooks.com\/index.php?rest_route=%2Fwp%2Fv2%2Fmedia&parent=8128"}],"wp:term":[{"taxonomy":"product_brand","embeddable":true,"href":"https:\/\/orthopedicsbooks.com\/index.php?rest_route=%2Fwp%2Fv2%2Fproduct_brand&post=8128"},{"taxonomy":"product_cat","embeddable":true,"href":"https:\/\/orthopedicsbooks.com\/index.php?rest_route=%2Fwp%2Fv2%2Fproduct_cat&post=8128"},{"taxonomy":"product_tag","embeddable":true,"href":"https:\/\/orthopedicsbooks.com\/index.php?rest_route=%2Fwp%2Fv2%2Fproduct_tag&post=8128"}],"curies":[{"name":"wp","href":"https:\/\/api.w.org\/{rel}","templated":true}]}}