{"id":8135,"date":"2025-07-21T15:28:57","date_gmt":"2025-07-21T15:28:57","guid":{"rendered":"https:\/\/orthopedicsbooks.com\/?post_type=product&#038;p=8135"},"modified":"2026-02-21T12:44:58","modified_gmt":"2026-02-21T12:44:58","slug":"terapia-manual-ortopedica-en-el-tratamiento-del-dolor-spanish-edition","status":"publish","type":"product","link":"https:\/\/orthopedicsbooks.com\/?product=terapia-manual-ortopedica-en-el-tratamiento-del-dolor-spanish-edition","title":{"rendered":"Terapia manual ortop\u00e9dica en el tratamiento del dolor (Spanish Edition)"},"content":{"rendered":"<div>\n<ul>\n<li>Aborda los conocimientos sobre la neurofisiolog\u00eda del dolor necesarios para la pr\u00e1ctica de la terapia manual ortop\u00e9dica.<\/li>\n<li>Destaca la importancia de la farmacolog\u00eda y sus interacciones en el tratamiento de pacientes con dolor.<\/li>\n<li>Expone todas las variables psicol\u00f3gicas impl\u00edcitas en el dolor y c\u00f3mo integrarlas en la pr\u00e1ctica de la terapia manual.<\/li>\n<li>Hace hincapi\u00e9 en la importancia del razonamiento cl\u00ednico en el tratamiento del dolor.<\/li>\n<li>Analiza los efectos neurofisiol\u00f3gicos de cada una de las t\u00e9cnicas de la terapia manual ortop\u00e9dica.<\/li>\n<li>Los autores forman parte de un grupo de trabajo que lleva m\u00e1s de 15 a\u00f1os dedicado tanto a nivel docente e investigador como a nivel cl\u00ednico al \u00e1mbito de la Fisioterapia y el tratamiento del dolor.<\/li>\n<\/ul>\n<p>El dolor es la pandemia silente que se introduce en todos los hogares y rincones del mundo, y que asola a m\u00e1s del 20% de la poblaci\u00f3n mundial.<\/p>\n<p>Terapia manual ortop\u00e9dica en el tratamiento del dolor es un manual basado en el modelo biopsicosocial y en la evidencia cient\u00edfica m\u00e1s actualizada sobre el abordaje integral del paciente con dolor musculo-esquel\u00e9tico.<\/p>\n<p>La obra explica el dolor musculoesquel\u00e9tico en toda su amplitud: neurofisiolog\u00eda, farmacolog\u00eda y aspectos psicol\u00f3gicos que influyen en el dolor, abordaje mediante el razonamiento cl\u00ednico, y efectos terap\u00e9uticos de la terapia manual ortop\u00e9dica amparados en la evidencia cient\u00edfica m\u00e1s reciente.<\/p>\n<p>Los contenidos van dirigidos tanto a fisioterapeutas como a cualquier profesional de la salud interesado en el tratamiento de pacientes con dolor musculoesquel\u00e9tico.<\/p>\n<\/div>\n","protected":false},"excerpt":{"rendered":"<p>Aborda los conocimientos sobre la neurofisiolog\u00eda del dolor necesarios para la pr\u00e1ctica de la terapia manual ortop\u00e9dica. Destaca la importancia de la farmacolog\u00eda y sus interacciones en el tratamiento de pacientes con dolor. Expone todas las variables psicol\u00f3gicas impl\u00edcitas en el dolor y c\u00f3mo integrarlas en la pr\u00e1ctica de la terapia manual. Hace hincapi\u00e9 en [&hellip;]<\/p>\n","protected":false},"featured_media":8134,"comment_status":"open","ping_status":"closed","template":"","meta":[],"product_brand":[],"product_cat":[67],"product_tag":[],"class_list":{"0":"post-8135","1":"product","2":"type-product","3":"status-publish","4":"has-post-thumbnail","6":"product_cat-ortopedia-spanish","8":"first","9":"instock","10":"sale","11":"downloadable","12":"virtual","13":"purchasable","14":"product-type-simple"},"_links":{"self":[{"href":"https:\/\/orthopedicsbooks.com\/index.php?rest_route=\/wp\/v2\/product\/8135","targetHints":{"allow":["GET"]}}],"collection":[{"href":"https:\/\/orthopedicsbooks.com\/index.php?rest_route=\/wp\/v2\/product"}],"about":[{"href":"https:\/\/orthopedicsbooks.com\/index.php?rest_route=\/wp\/v2\/types\/product"}],"replies":[{"embeddable":true,"href":"https:\/\/orthopedicsbooks.com\/index.php?rest_route=%2Fwp%2Fv2%2Fcomments&post=8135"}],"wp:featuredmedia":[{"embeddable":true,"href":"https:\/\/orthopedicsbooks.com\/index.php?rest_route=\/wp\/v2\/media\/8134"}],"wp:attachment":[{"href":"https:\/\/orthopedicsbooks.com\/index.php?rest_route=%2Fwp%2Fv2%2Fmedia&parent=8135"}],"wp:term":[{"taxonomy":"product_brand","embeddable":true,"href":"https:\/\/orthopedicsbooks.com\/index.php?rest_route=%2Fwp%2Fv2%2Fproduct_brand&post=8135"},{"taxonomy":"product_cat","embeddable":true,"href":"https:\/\/orthopedicsbooks.com\/index.php?rest_route=%2Fwp%2Fv2%2Fproduct_cat&post=8135"},{"taxonomy":"product_tag","embeddable":true,"href":"https:\/\/orthopedicsbooks.com\/index.php?rest_route=%2Fwp%2Fv2%2Fproduct_tag&post=8135"}],"curies":[{"name":"wp","href":"https:\/\/api.w.org\/{rel}","templated":true}]}}