{"id":8139,"date":"2025-07-21T15:28:57","date_gmt":"2025-07-21T15:28:57","guid":{"rendered":"https:\/\/orthopedicsbooks.com\/?post_type=product&#038;p=8139"},"modified":"2026-02-21T12:44:58","modified_gmt":"2026-02-21T12:44:58","slug":"manual-de-fisioterapia-en-traumatologia-spanish-edition","status":"publish","type":"product","link":"https:\/\/orthopedicsbooks.com\/?product=manual-de-fisioterapia-en-traumatologia-spanish-edition","title":{"rendered":"Manual de fisioterapia en Traumatolog\u00eda (Spanish Edition)"},"content":{"rendered":"<div>\n<div>\n<p>Gu\u00eda en el aprendizaje y el afianzamiento de los conocimientos b\u00e1sicos para el abordaje preventivo y terap\u00e9utico, desde la fisioterapia, de pacientes con disfunciones del aparato locomotor vinculadas a causas traum\u00e1ticas..<\/p>\n<p>No se pretende profundizar en complejos contenidos acad\u00e9micos ni en m\u00e9todos especiales, pero s\u00ed despertar la curiosidad y, por tanto, la motivaci\u00f3n por la Fisioterapia en las lesiones traumatol\u00f3gicas.<\/p>\n<p>El an\u00e1lisis anatomo-biomec\u00e1nico y patol\u00f3gico marca los objetivos fisioter\u00e1picos y la elecci\u00f3n de las t\u00e9cnicas fisioter\u00e1picas adecuadas en cada una de las patolog\u00edas.<\/p>\n<p>Desarrolla los diferentes procesos patol\u00f3gicos de forma general, matizando el tratamiento fisioterap\u00e9utico en funci\u00f3n de la localizaci\u00f3n\u00a0 y con el respaldo de la evidencia cient\u00edfica al respecto.<\/p>\n<\/div>\n<\/div>\n","protected":false},"excerpt":{"rendered":"<p>Gu\u00eda en el aprendizaje y el afianzamiento de los conocimientos b\u00e1sicos para el abordaje preventivo y terap\u00e9utico, desde la fisioterapia, de pacientes con disfunciones del aparato locomotor vinculadas a causas traum\u00e1ticas.. No se pretende profundizar en complejos contenidos acad\u00e9micos ni en m\u00e9todos especiales, pero s\u00ed despertar la curiosidad y, por tanto, la motivaci\u00f3n por la [&hellip;]<\/p>\n","protected":false},"featured_media":8138,"comment_status":"open","ping_status":"closed","template":"","meta":[],"product_brand":[],"product_cat":[67],"product_tag":[],"class_list":{"0":"post-8139","1":"product","2":"type-product","3":"status-publish","4":"has-post-thumbnail","6":"product_cat-ortopedia-spanish","8":"first","9":"instock","10":"sale","11":"downloadable","12":"virtual","13":"purchasable","14":"product-type-simple"},"_links":{"self":[{"href":"https:\/\/orthopedicsbooks.com\/index.php?rest_route=\/wp\/v2\/product\/8139","targetHints":{"allow":["GET"]}}],"collection":[{"href":"https:\/\/orthopedicsbooks.com\/index.php?rest_route=\/wp\/v2\/product"}],"about":[{"href":"https:\/\/orthopedicsbooks.com\/index.php?rest_route=\/wp\/v2\/types\/product"}],"replies":[{"embeddable":true,"href":"https:\/\/orthopedicsbooks.com\/index.php?rest_route=%2Fwp%2Fv2%2Fcomments&post=8139"}],"wp:featuredmedia":[{"embeddable":true,"href":"https:\/\/orthopedicsbooks.com\/index.php?rest_route=\/wp\/v2\/media\/8138"}],"wp:attachment":[{"href":"https:\/\/orthopedicsbooks.com\/index.php?rest_route=%2Fwp%2Fv2%2Fmedia&parent=8139"}],"wp:term":[{"taxonomy":"product_brand","embeddable":true,"href":"https:\/\/orthopedicsbooks.com\/index.php?rest_route=%2Fwp%2Fv2%2Fproduct_brand&post=8139"},{"taxonomy":"product_cat","embeddable":true,"href":"https:\/\/orthopedicsbooks.com\/index.php?rest_route=%2Fwp%2Fv2%2Fproduct_cat&post=8139"},{"taxonomy":"product_tag","embeddable":true,"href":"https:\/\/orthopedicsbooks.com\/index.php?rest_route=%2Fwp%2Fv2%2Fproduct_tag&post=8139"}],"curies":[{"name":"wp","href":"https:\/\/api.w.org\/{rel}","templated":true}]}}