{"id":8143,"date":"2025-07-21T15:28:57","date_gmt":"2025-07-21T15:28:57","guid":{"rendered":"https:\/\/orthopedicsbooks.com\/?post_type=product&#038;p=8143"},"modified":"2026-02-21T12:44:58","modified_gmt":"2026-02-21T12:44:58","slug":"manual-de-traumatologia-y-ortopedia-spanish-edition","status":"publish","type":"product","link":"https:\/\/orthopedicsbooks.com\/?product=manual-de-traumatologia-y-ortopedia-spanish-edition","title":{"rendered":"Manual de traumatolog\u00eda y ortopedia (Spanish Edition)"},"content":{"rendered":"<div>\n<div>Manual de traumatolog\u00eda y ortopedia proporciona la informaci\u00f3n imprescindible para diagnosticar y tratar con confianza lesiones y padecimientos del sistema musculoesquel\u00e9tico. Este manual de referencia r\u00e1pida se ha actualizado y revisado por completo para incluir contenido particularmente valioso para m\u00e9dicos generales, estudiantes de medicina, y especialistas y residentes en cirug\u00eda ortop\u00e9dica y traumatolog\u00eda.<br \/>\nEl contenido se organiza en 30 cap\u00edtulos en los que se abordan las principales lesiones traum\u00e1ticas y afecciones ortop\u00e9dicas para cada grupo musculoesquel\u00e9tico principal: columna vertebral, hombro, clav\u00edcula, extremidad superior, pelvis y extremidad inferior. Adem\u00e1s, la obra incluye temas de soporte, como inyecci\u00f3n y aspiraci\u00f3n articulares, administraci\u00f3n de la unidad quir\u00fargica, fundamentos de ferulizaci\u00f3n y aparatos de ortesis (yeso, fibra de vidrio, etc.). El an\u00e1lisis de cada afecci\u00f3n musculoesquel\u00e9tica, as\u00ed como las listas de referencias, no pretenden ser exhaustivas, sino que tienen como objetivo proporcionar un punto de partida para la aproximaci\u00f3n a los pacientes con un problema musculoesquel\u00e9tico.<\/div>\n<div>\n<p>\u00a0<\/p>\n<\/div>\n<\/div>\n","protected":false},"excerpt":{"rendered":"<p>Manual de traumatolog\u00eda y ortopedia proporciona la informaci\u00f3n imprescindible para diagnosticar y tratar con confianza lesiones y padecimientos del sistema musculoesquel\u00e9tico. Este manual de referencia r\u00e1pida se ha actualizado y revisado por completo para incluir contenido particularmente valioso para m\u00e9dicos generales, estudiantes de medicina, y especialistas y residentes en cirug\u00eda ortop\u00e9dica y traumatolog\u00eda. El contenido [&hellip;]<\/p>\n","protected":false},"featured_media":8142,"comment_status":"open","ping_status":"closed","template":"","meta":[],"product_brand":[],"product_cat":[67],"product_tag":[],"class_list":{"0":"post-8143","1":"product","2":"type-product","3":"status-publish","4":"has-post-thumbnail","6":"product_cat-ortopedia-spanish","8":"first","9":"instock","10":"sale","11":"downloadable","12":"virtual","13":"purchasable","14":"product-type-simple"},"_links":{"self":[{"href":"https:\/\/orthopedicsbooks.com\/index.php?rest_route=\/wp\/v2\/product\/8143","targetHints":{"allow":["GET"]}}],"collection":[{"href":"https:\/\/orthopedicsbooks.com\/index.php?rest_route=\/wp\/v2\/product"}],"about":[{"href":"https:\/\/orthopedicsbooks.com\/index.php?rest_route=\/wp\/v2\/types\/product"}],"replies":[{"embeddable":true,"href":"https:\/\/orthopedicsbooks.com\/index.php?rest_route=%2Fwp%2Fv2%2Fcomments&post=8143"}],"wp:featuredmedia":[{"embeddable":true,"href":"https:\/\/orthopedicsbooks.com\/index.php?rest_route=\/wp\/v2\/media\/8142"}],"wp:attachment":[{"href":"https:\/\/orthopedicsbooks.com\/index.php?rest_route=%2Fwp%2Fv2%2Fmedia&parent=8143"}],"wp:term":[{"taxonomy":"product_brand","embeddable":true,"href":"https:\/\/orthopedicsbooks.com\/index.php?rest_route=%2Fwp%2Fv2%2Fproduct_brand&post=8143"},{"taxonomy":"product_cat","embeddable":true,"href":"https:\/\/orthopedicsbooks.com\/index.php?rest_route=%2Fwp%2Fv2%2Fproduct_cat&post=8143"},{"taxonomy":"product_tag","embeddable":true,"href":"https:\/\/orthopedicsbooks.com\/index.php?rest_route=%2Fwp%2Fv2%2Fproduct_tag&post=8143"}],"curies":[{"name":"wp","href":"https:\/\/api.w.org\/{rel}","templated":true}]}}