{"id":8145,"date":"2025-07-21T15:28:57","date_gmt":"2025-07-21T15:28:57","guid":{"rendered":"https:\/\/orthopedicsbooks.com\/?post_type=product&#038;p=8145"},"modified":"2026-05-02T19:57:15","modified_gmt":"2026-05-02T19:57:15","slug":"traumatologia-y-ortopedia-miembro-inferior","status":"publish","type":"product","link":"https:\/\/orthopedicsbooks.com\/?product=traumatologia-y-ortopedia-miembro-inferior","title":{"rendered":"Traumatolog\u00eda y ortopedia. Miembro inferior"},"content":{"rendered":"<div>\n<div>\n<ul>\n<li>La Sociedad Espa\u00f1ola de Cirug\u00eda Ortop\u00e9dica y Traumatolog\u00eda (SECOT) elabora este tratado de la especialidad que aborda todo el contenido necesario para el cirujano ortop\u00e9dico y el traumat\u00f3logo.<\/li>\n<li>El contenido se distribuir\u00e1 en cuatro vol\u00famenes y el editor de cada uno de ellos\u00a0ser\u00e1 un\u00a0destacado especialista de\u00a0cirug\u00eda ortop\u00e9dica y traumatolog\u00eda. De\u00a0la misma manera, los colaboradores de cada uno de los t\u00edtulos ser\u00e1n especialistas vinculados a la SECOT.<\/li>\n<\/ul>\n<p>Tercer volumen del Tratado de COT de la Sociedad Espa\u00f1ola de Cirug\u00eda Ortop\u00e9dica y Traumatolog\u00eda (SECOT). La Sociedad Espa\u00f1ola de Cirug\u00eda Ortop\u00e9dica y Traumatolog\u00eda (SECOT) promueve la publicaci\u00f3n de un tratado en cuatro vol\u00famenes que aborda todo el contenido necesario para la adecuada formaci\u00f3n u actualizaci\u00f3n de los cirujanos ortop\u00e9dicos en sus distintas etapas profesionales. Traumatolog\u00eda y ortopedia. Miembro inferior, el tercero de los vol\u00famenes, est\u00e1 compuesto por un total de 14 cap\u00edtulos distribuidos en cuatro partes: Cadera y pelvis, Rodilla y pie, Tobillo y miscel\u00e1nea. Participan en esta obra destacados especialistas de Cirug\u00eda ortopedica y traumatolog\u00eda, vinculados a la SECOT, aportando as\u00ed al contenido una gran experiencia cl\u00ednica y docente que hace que esta obra se convierta en una herramienta fundamental para la formaci\u00f3n y puesta al d\u00eda de los residentes y especialistas.<\/p>\n<\/div>\n<\/div>\n","protected":false},"excerpt":{"rendered":"<p>La Sociedad Espa\u00f1ola de Cirug\u00eda Ortop\u00e9dica y Traumatolog\u00eda (SECOT) elabora este tratado de la especialidad que aborda todo el contenido necesario para el cirujano ortop\u00e9dico y el traumat\u00f3logo. El contenido se distribuir\u00e1 en cuatro vol\u00famenes y el editor de cada uno de ellos\u00a0ser\u00e1 un\u00a0destacado especialista de\u00a0cirug\u00eda ortop\u00e9dica y traumatolog\u00eda. De\u00a0la misma manera, los colaboradores de [&hellip;]<\/p>\n","protected":false},"featured_media":8144,"comment_status":"open","ping_status":"closed","template":"","meta":[],"product_brand":[],"product_cat":[67],"product_tag":[],"class_list":{"0":"post-8145","1":"product","2":"type-product","3":"status-publish","4":"has-post-thumbnail","6":"product_cat-ortopedia-spanish","8":"first","9":"instock","10":"sale","11":"downloadable","12":"virtual","13":"purchasable","14":"product-type-simple"},"_links":{"self":[{"href":"https:\/\/orthopedicsbooks.com\/index.php?rest_route=\/wp\/v2\/product\/8145","targetHints":{"allow":["GET"]}}],"collection":[{"href":"https:\/\/orthopedicsbooks.com\/index.php?rest_route=\/wp\/v2\/product"}],"about":[{"href":"https:\/\/orthopedicsbooks.com\/index.php?rest_route=\/wp\/v2\/types\/product"}],"replies":[{"embeddable":true,"href":"https:\/\/orthopedicsbooks.com\/index.php?rest_route=%2Fwp%2Fv2%2Fcomments&post=8145"}],"wp:featuredmedia":[{"embeddable":true,"href":"https:\/\/orthopedicsbooks.com\/index.php?rest_route=\/wp\/v2\/media\/8144"}],"wp:attachment":[{"href":"https:\/\/orthopedicsbooks.com\/index.php?rest_route=%2Fwp%2Fv2%2Fmedia&parent=8145"}],"wp:term":[{"taxonomy":"product_brand","embeddable":true,"href":"https:\/\/orthopedicsbooks.com\/index.php?rest_route=%2Fwp%2Fv2%2Fproduct_brand&post=8145"},{"taxonomy":"product_cat","embeddable":true,"href":"https:\/\/orthopedicsbooks.com\/index.php?rest_route=%2Fwp%2Fv2%2Fproduct_cat&post=8145"},{"taxonomy":"product_tag","embeddable":true,"href":"https:\/\/orthopedicsbooks.com\/index.php?rest_route=%2Fwp%2Fv2%2Fproduct_tag&post=8145"}],"curies":[{"name":"wp","href":"https:\/\/api.w.org\/{rel}","templated":true}]}}