{"id":8147,"date":"2025-07-21T15:28:57","date_gmt":"2025-07-21T15:28:57","guid":{"rendered":"https:\/\/orthopedicsbooks.com\/?post_type=product&#038;p=8147"},"modified":"2026-02-21T12:44:59","modified_gmt":"2026-02-21T12:44:59","slug":"manual-basico-de-urgencias-en-traumatologia-spanish-edition","status":"publish","type":"product","link":"https:\/\/orthopedicsbooks.com\/?product=manual-basico-de-urgencias-en-traumatologia-spanish-edition","title":{"rendered":"Manual b\u00e1sico de urgencias en traumatolog\u00eda (Spanish Edition)"},"content":{"rendered":"<div>\n<div>\n<ul>\n<li>Obra que\u00a0permite consultar de forma f\u00e1cil y r\u00e1pida cualquier patolog\u00eda traum\u00e1tica y obtener orientaciones diagn\u00f3sticas y criterios acerca del tratamiento de cada caso.<\/li>\n<li>La atenci\u00f3n a traumatismos en el servicio de urgencias se afianza con la utilizaci\u00f3n de las estrategias probadas que se describen en la obra.<\/li>\n<li>Incorpora las maniobras b\u00e1sicas de exploraci\u00f3n, as\u00ed como las de reducci\u00f3n de luxaciones y otros tratamientos en material complementario on-line.<\/li>\n<li>Incorpora casos cl\u00ednicos que se ilustran con 16 videos.<\/li>\n<\/ul>\n<\/div>\n<\/div>\n","protected":false},"excerpt":{"rendered":"<p>Obra que\u00a0permite consultar de forma f\u00e1cil y r\u00e1pida cualquier patolog\u00eda traum\u00e1tica y obtener orientaciones diagn\u00f3sticas y criterios acerca del tratamiento de cada caso. La atenci\u00f3n a traumatismos en el servicio de urgencias se afianza con la utilizaci\u00f3n de las estrategias probadas que se describen en la obra. Incorpora las maniobras b\u00e1sicas de exploraci\u00f3n, as\u00ed como [&hellip;]<\/p>\n","protected":false},"featured_media":8146,"comment_status":"open","ping_status":"closed","template":"","meta":[],"product_brand":[],"product_cat":[67],"product_tag":[],"class_list":{"0":"post-8147","1":"product","2":"type-product","3":"status-publish","4":"has-post-thumbnail","6":"product_cat-ortopedia-spanish","8":"first","9":"instock","10":"sale","11":"downloadable","12":"virtual","13":"purchasable","14":"product-type-simple"},"_links":{"self":[{"href":"https:\/\/orthopedicsbooks.com\/index.php?rest_route=\/wp\/v2\/product\/8147","targetHints":{"allow":["GET"]}}],"collection":[{"href":"https:\/\/orthopedicsbooks.com\/index.php?rest_route=\/wp\/v2\/product"}],"about":[{"href":"https:\/\/orthopedicsbooks.com\/index.php?rest_route=\/wp\/v2\/types\/product"}],"replies":[{"embeddable":true,"href":"https:\/\/orthopedicsbooks.com\/index.php?rest_route=%2Fwp%2Fv2%2Fcomments&post=8147"}],"wp:featuredmedia":[{"embeddable":true,"href":"https:\/\/orthopedicsbooks.com\/index.php?rest_route=\/wp\/v2\/media\/8146"}],"wp:attachment":[{"href":"https:\/\/orthopedicsbooks.com\/index.php?rest_route=%2Fwp%2Fv2%2Fmedia&parent=8147"}],"wp:term":[{"taxonomy":"product_brand","embeddable":true,"href":"https:\/\/orthopedicsbooks.com\/index.php?rest_route=%2Fwp%2Fv2%2Fproduct_brand&post=8147"},{"taxonomy":"product_cat","embeddable":true,"href":"https:\/\/orthopedicsbooks.com\/index.php?rest_route=%2Fwp%2Fv2%2Fproduct_cat&post=8147"},{"taxonomy":"product_tag","embeddable":true,"href":"https:\/\/orthopedicsbooks.com\/index.php?rest_route=%2Fwp%2Fv2%2Fproduct_tag&post=8147"}],"curies":[{"name":"wp","href":"https:\/\/api.w.org\/{rel}","templated":true}]}}