{"id":8151,"date":"2025-07-21T15:28:57","date_gmt":"2025-07-21T15:28:57","guid":{"rendered":"https:\/\/orthopedicsbooks.com\/?post_type=product&#038;p=8151"},"modified":"2026-02-21T12:44:59","modified_gmt":"2026-02-21T12:44:59","slug":"complicaciones-en-cirugia-ortopedica-medicina-deportiva-spanish-edition","status":"publish","type":"product","link":"https:\/\/orthopedicsbooks.com\/?product=complicaciones-en-cirugia-ortopedica-medicina-deportiva-spanish-edition","title":{"rendered":"Complicaciones en cirug\u00eda ortop\u00e9dica: Medicina deportiva (Spanish Edition)"},"content":{"rendered":"<div>\n<div>\n<ul>\n<li>Abarca una amplia variedad de t\u00e9cnicas quir\u00fargicas, como reparaci\u00f3n meniscal, reconstrucci\u00f3n del ligamento cruzado anterior, cirug\u00eda condral en ni\u00f1os y adultos, osteotom\u00edas de rodilla, cirug\u00eda del manguito de los rotadores, y artroscopias de cadera y de codo, entre otras.<\/li>\n<li>Describe y ofrece soluciones para los errores y complicaciones m\u00e1s frecuentes y devastadores del tratamiento quir\u00fargico en medicina deportiva, combinando el conocimiento te\u00f3rico de los traumat\u00f3logos dedicados a la docencia con las habilidades t\u00e9cnicas de los traumat\u00f3logos generales que trabajan en primera l\u00ednea.<\/li>\n<li>Utiliza un formato sencillo, con apartados para errores preoperatorios, problemas intraoperatorios y complicaciones postoperatorias.<\/li>\n<li>Presenta un dise\u00f1o en color con numerosas ilustraciones, fotograf\u00edas y pruebas de imagen.<\/li>\n<\/ul>\n<\/div>\n<\/div>\n","protected":false},"excerpt":{"rendered":"<p>Abarca una amplia variedad de t\u00e9cnicas quir\u00fargicas, como reparaci\u00f3n meniscal, reconstrucci\u00f3n del ligamento cruzado anterior, cirug\u00eda condral en ni\u00f1os y adultos, osteotom\u00edas de rodilla, cirug\u00eda del manguito de los rotadores, y artroscopias de cadera y de codo, entre otras. Describe y ofrece soluciones para los errores y complicaciones m\u00e1s frecuentes y devastadores del tratamiento quir\u00fargico [&hellip;]<\/p>\n","protected":false},"featured_media":8150,"comment_status":"open","ping_status":"closed","template":"","meta":[],"product_brand":[],"product_cat":[67],"product_tag":[],"class_list":{"0":"post-8151","1":"product","2":"type-product","3":"status-publish","4":"has-post-thumbnail","6":"product_cat-ortopedia-spanish","8":"first","9":"instock","10":"sale","11":"downloadable","12":"virtual","13":"purchasable","14":"product-type-simple"},"_links":{"self":[{"href":"https:\/\/orthopedicsbooks.com\/index.php?rest_route=\/wp\/v2\/product\/8151","targetHints":{"allow":["GET"]}}],"collection":[{"href":"https:\/\/orthopedicsbooks.com\/index.php?rest_route=\/wp\/v2\/product"}],"about":[{"href":"https:\/\/orthopedicsbooks.com\/index.php?rest_route=\/wp\/v2\/types\/product"}],"replies":[{"embeddable":true,"href":"https:\/\/orthopedicsbooks.com\/index.php?rest_route=%2Fwp%2Fv2%2Fcomments&post=8151"}],"wp:featuredmedia":[{"embeddable":true,"href":"https:\/\/orthopedicsbooks.com\/index.php?rest_route=\/wp\/v2\/media\/8150"}],"wp:attachment":[{"href":"https:\/\/orthopedicsbooks.com\/index.php?rest_route=%2Fwp%2Fv2%2Fmedia&parent=8151"}],"wp:term":[{"taxonomy":"product_brand","embeddable":true,"href":"https:\/\/orthopedicsbooks.com\/index.php?rest_route=%2Fwp%2Fv2%2Fproduct_brand&post=8151"},{"taxonomy":"product_cat","embeddable":true,"href":"https:\/\/orthopedicsbooks.com\/index.php?rest_route=%2Fwp%2Fv2%2Fproduct_cat&post=8151"},{"taxonomy":"product_tag","embeddable":true,"href":"https:\/\/orthopedicsbooks.com\/index.php?rest_route=%2Fwp%2Fv2%2Fproduct_tag&post=8151"}],"curies":[{"name":"wp","href":"https:\/\/api.w.org\/{rel}","templated":true}]}}