{"id":8157,"date":"2025-07-21T15:28:57","date_gmt":"2025-07-21T15:28:57","guid":{"rendered":"https:\/\/orthopedicsbooks.com\/?post_type=product&#038;p=8157"},"modified":"2026-02-26T16:48:58","modified_gmt":"2026-02-26T16:48:58","slug":"fundamentos-de-la-medicina-del-dolor-diagnostico-y-tratamiento-spanish-edition","status":"publish","type":"product","link":"https:\/\/orthopedicsbooks.com\/?product=fundamentos-de-la-medicina-del-dolor-diagnostico-y-tratamiento-spanish-edition","title":{"rendered":"Fundamentos de la medicina del dolor: Diagn\u00f3stico y tratamiento (Spanish Edition)"},"content":{"rendered":"<div>\n<div>Fundamentos de Medicina del dolor: Diagn\u00f3stico y tratamiento es una gu\u00eda esencial para cualquier profesional de la salud cuyo objetivo sea mejorar los resultados de los tratamientos para el dolor de sus pacientes. El texto condensa el conocimiento necesario para diagnosticar con confianza a los pacientes con dolor agudo o cr\u00f3nico.<br \/>\nCada cap\u00edtulo presenta las principales opciones de tratamiento del dolor disponiblesen la actualidad. Se exponen adem\u00e1s las recomendaciones m\u00e1s eficaces para solventar las dificultades en el diagn\u00f3stico y en la prescripci\u00f3n farmacol\u00f3gica.<br \/>\nAdem\u00e1s de los tratamientos intervencionistas y no intervencionistas, se consideran tratamientos multidisciplinarios como la fisioterapia, las terapias complementarias y la quiropraxia.Caracter\u00edsticas Principales:<\/p>\n<p>-M\u00e1s de 470 im\u00e1genes a todo color que ilustran los principios y las t\u00e9cnicas de tratamiento del dolor<br \/>\n-Numerosos casos de ejemplo<br \/>\n-Selecci\u00f3n de los tratamientos m\u00e1s frecuentes, adecuados y aplicables en la cl\u00ednica diaria<br \/>\n-Instrucciones paso a paso para aplicar cada t\u00e9cnica y selecci\u00f3n de procedimientos aplicables en la consulta<\/p>\n<\/div>\n<\/div>\n","protected":false},"excerpt":{"rendered":"<p>Fundamentos de Medicina del dolor: Diagn\u00f3stico y tratamiento es una gu\u00eda esencial para cualquier profesional de la salud cuyo objetivo sea mejorar los resultados de los tratamientos para el dolor de sus pacientes. El texto condensa el conocimiento necesario para diagnosticar con confianza a los pacientes con dolor agudo o cr\u00f3nico. Cada cap\u00edtulo presenta las [&hellip;]<\/p>\n","protected":false},"featured_media":8156,"comment_status":"open","ping_status":"closed","template":"","meta":[],"product_brand":[],"product_cat":[67],"product_tag":[],"class_list":{"0":"post-8157","1":"product","2":"type-product","3":"status-publish","4":"has-post-thumbnail","6":"product_cat-ortopedia-spanish","8":"first","9":"instock","10":"sale","11":"downloadable","12":"virtual","13":"purchasable","14":"product-type-simple"},"_links":{"self":[{"href":"https:\/\/orthopedicsbooks.com\/index.php?rest_route=\/wp\/v2\/product\/8157","targetHints":{"allow":["GET"]}}],"collection":[{"href":"https:\/\/orthopedicsbooks.com\/index.php?rest_route=\/wp\/v2\/product"}],"about":[{"href":"https:\/\/orthopedicsbooks.com\/index.php?rest_route=\/wp\/v2\/types\/product"}],"replies":[{"embeddable":true,"href":"https:\/\/orthopedicsbooks.com\/index.php?rest_route=%2Fwp%2Fv2%2Fcomments&post=8157"}],"wp:featuredmedia":[{"embeddable":true,"href":"https:\/\/orthopedicsbooks.com\/index.php?rest_route=\/wp\/v2\/media\/8156"}],"wp:attachment":[{"href":"https:\/\/orthopedicsbooks.com\/index.php?rest_route=%2Fwp%2Fv2%2Fmedia&parent=8157"}],"wp:term":[{"taxonomy":"product_brand","embeddable":true,"href":"https:\/\/orthopedicsbooks.com\/index.php?rest_route=%2Fwp%2Fv2%2Fproduct_brand&post=8157"},{"taxonomy":"product_cat","embeddable":true,"href":"https:\/\/orthopedicsbooks.com\/index.php?rest_route=%2Fwp%2Fv2%2Fproduct_cat&post=8157"},{"taxonomy":"product_tag","embeddable":true,"href":"https:\/\/orthopedicsbooks.com\/index.php?rest_route=%2Fwp%2Fv2%2Fproduct_tag&post=8157"}],"curies":[{"name":"wp","href":"https:\/\/api.w.org\/{rel}","templated":true}]}}