{"id":8159,"date":"2025-07-21T15:28:57","date_gmt":"2025-07-21T15:28:57","guid":{"rendered":"https:\/\/orthopedicsbooks.com\/?post_type=product&#038;p=8159"},"modified":"2026-02-21T12:45:00","modified_gmt":"2026-02-21T12:45:00","slug":"tecnicas-en-cirugia-ortopedica-oncologia-ortopedica-y-reconstrucciones-complejas-spanish-edition","status":"publish","type":"product","link":"https:\/\/orthopedicsbooks.com\/?product=tecnicas-en-cirugia-ortopedica-oncologia-ortopedica-y-reconstrucciones-complejas-spanish-edition","title":{"rendered":"T\u00e9cnicas en cirug\u00eda ortop\u00e9dica. Oncolog\u00eda ortop\u00e9dica y reconstrucciones complejas (Spanish Edition)"},"content":{"rendered":"<div>T\u00e9cnicas en cirug\u00eda ortop\u00e9dica. Oncolog\u00eda ortop\u00e9dica y reconstrucciones complejas se ocupa de uno de los problemas m\u00e1s complicados que deben tratar los cirujanos ortop\u00e9dicos: los tumores \u00f3seos y del tejido blando. El \u00e1mbito de cobertura de esta obra es amplio e incluye las grandes reconstrucciones despu\u00e9s del traumatismo. La obra est\u00e1 escrita por excelentes autores internacionales de Alemania, Austria, Italia, Australia y Gran Breta\u00f1a, as\u00ed como de Estados Unidos.<br \/>\nLos autores describen sus t\u00e9cnicas preferidas paso a paso, destacan la anatom\u00eda pertinente y ofrecen consejos y los mejores ejemplos de pr\u00e1ctica para mejorar los resultados. La obra est\u00e1 abundantemente ilustrada a todo color, con im\u00e1genes seriadas, fotograf\u00edas intraoperatorias de la vista del cirujano, y dibujos realizados por destacados ilustradores m\u00e9dicos.<\/div>\n","protected":false},"excerpt":{"rendered":"<p>T\u00e9cnicas en cirug\u00eda ortop\u00e9dica. Oncolog\u00eda ortop\u00e9dica y reconstrucciones complejas se ocupa de uno de los problemas m\u00e1s complicados que deben tratar los cirujanos ortop\u00e9dicos: los tumores \u00f3seos y del tejido blando. El \u00e1mbito de cobertura de esta obra es amplio e incluye las grandes reconstrucciones despu\u00e9s del traumatismo. La obra est\u00e1 escrita por excelentes autores [&hellip;]<\/p>\n","protected":false},"featured_media":8158,"comment_status":"open","ping_status":"closed","template":"","meta":[],"product_brand":[],"product_cat":[67],"product_tag":[],"class_list":{"0":"post-8159","1":"product","2":"type-product","3":"status-publish","4":"has-post-thumbnail","6":"product_cat-ortopedia-spanish","8":"first","9":"instock","10":"sale","11":"downloadable","12":"virtual","13":"purchasable","14":"product-type-simple"},"_links":{"self":[{"href":"https:\/\/orthopedicsbooks.com\/index.php?rest_route=\/wp\/v2\/product\/8159","targetHints":{"allow":["GET"]}}],"collection":[{"href":"https:\/\/orthopedicsbooks.com\/index.php?rest_route=\/wp\/v2\/product"}],"about":[{"href":"https:\/\/orthopedicsbooks.com\/index.php?rest_route=\/wp\/v2\/types\/product"}],"replies":[{"embeddable":true,"href":"https:\/\/orthopedicsbooks.com\/index.php?rest_route=%2Fwp%2Fv2%2Fcomments&post=8159"}],"wp:featuredmedia":[{"embeddable":true,"href":"https:\/\/orthopedicsbooks.com\/index.php?rest_route=\/wp\/v2\/media\/8158"}],"wp:attachment":[{"href":"https:\/\/orthopedicsbooks.com\/index.php?rest_route=%2Fwp%2Fv2%2Fmedia&parent=8159"}],"wp:term":[{"taxonomy":"product_brand","embeddable":true,"href":"https:\/\/orthopedicsbooks.com\/index.php?rest_route=%2Fwp%2Fv2%2Fproduct_brand&post=8159"},{"taxonomy":"product_cat","embeddable":true,"href":"https:\/\/orthopedicsbooks.com\/index.php?rest_route=%2Fwp%2Fv2%2Fproduct_cat&post=8159"},{"taxonomy":"product_tag","embeddable":true,"href":"https:\/\/orthopedicsbooks.com\/index.php?rest_route=%2Fwp%2Fv2%2Fproduct_tag&post=8159"}],"curies":[{"name":"wp","href":"https:\/\/api.w.org\/{rel}","templated":true}]}}