{"id":8655,"date":"2025-07-22T23:39:27","date_gmt":"2025-07-22T23:39:27","guid":{"rendered":"https:\/\/orthopedicsbooks.com\/?post_type=product&#038;p=8655"},"modified":"2025-07-22T23:39:40","modified_gmt":"2025-07-22T23:39:40","slug":"campbell-principales-procedimientos-en-cirugia-ortopedica-y-traumatologia","status":"publish","type":"product","link":"https:\/\/orthopedicsbooks.com\/?product=campbell-principales-procedimientos-en-cirugia-ortopedica-y-traumatologia","title":{"rendered":"Campbell. Principales procedimientos en cirug\u00eda ortop\u00e9dica y traumatolog\u00eda"},"content":{"rendered":"<ul class=\"a-unordered-list a-vertical\" style=\"box-sizing: border-box; margin: 0px 0px 0px 18px; color: #0f1111; padding: 0px; font-family: 'Amazon Ember', Arial, sans-serif; font-size: 14px; background-color: #ffffff;\">\n<li style=\"box-sizing: border-box; list-style: disc; overflow-wrap: break-word; margin: 0px;\"><span class=\"a-list-item\" style=\"box-sizing: border-box;\">El objetivo principal de esta obra es describir las t\u00e9cnicas b\u00e1sicas que se presentan en Campbell\u2019s Operative Orthopaedics.<\/span><\/li>\n<li style=\"box-sizing: border-box; list-style: disc; overflow-wrap: break-word; margin: 0px;\"><span class=\"a-list-item\" style=\"box-sizing: border-box;\">Este t\u00edtulo recoge 100 de los procedimientos quir\u00fargicos m\u00e1s habituales e importantes de la especialidad. Cubre procedimientos de todas las regiones corporales, intentando as\u00ed convertirse en una herramienta indispensable para mejorar los resultados de los pacientes quir\u00fargicos.<\/span><\/li>\n<li style=\"box-sizing: border-box; list-style: disc; overflow-wrap: break-word; margin: 0px;\"><span class=\"a-list-item\" style=\"box-sizing: border-box;\">El contenido se presenta en un formato tipo Atlas, con informaci\u00f3n concisa de cada uno de los procedimientos y con pasos concretos que describen exhaustivamente el procedimiento quir\u00fargico en s\u00ed mismo.<\/span><\/li>\n<li style=\"box-sizing: border-box; list-style: disc; overflow-wrap: break-word; margin: 0px;\"><span class=\"a-list-item\" style=\"box-sizing: border-box;\">Obra muy ilustrada en la que cada procedimiento se completa con entre 5 y 6 im\u00e1genes intraoperatorias.<\/span><\/li>\n<li style=\"box-sizing: border-box; list-style: disc; overflow-wrap: break-word; margin: 0px;\"><span class=\"a-list-item\" style=\"box-sizing: border-box;\">Igualmente, las t\u00e9cnicas quir\u00fargicas van acompa\u00f1adas de v\u00eddeos que describen paso a paso cada intervenci\u00f3n y que el lector tiene disponible en www.Expertconsult.com.<\/span><\/li>\n<li style=\"box-sizing: border-box; list-style: disc; overflow-wrap: break-word; margin: 0px;\"><span class=\"a-list-item\" style=\"box-sizing: border-box;\">El libro est\u00e1 dirigido a residentes y cirujanos en formaci\u00f3n, as\u00ed como a traumat\u00f3logos generalistas y especialistas.<\/span><\/li>\n<\/ul>\n<p style=\"box-sizing: border-box; padding: 0px; margin: -4px 0px 14px; color: #0f1111; font-family: 'Amazon Ember', Arial, sans-serif; font-size: 14px; background-color: #ffffff;\"><span style=\"box-sizing: border-box;\">Manual que presenta una selecci\u00f3n de los 100 procedimientos quir\u00fargicos m\u00e1s habituales y relevantes en cirug\u00eda ortop\u00e9dica y que proceden del tratado de referencia internacional Campbell\u2019s Operative Orthopaedics.<\/span><\/p>\n<p style=\"box-sizing: border-box; padding: 0px; margin: -4px 0px 14px; color: #0f1111; font-family: 'Amazon Ember', Arial, sans-serif; font-size: 14px; background-color: #ffffff;\"><span style=\"box-sizing: border-box;\">T\u00e9cnicas contrastadas que reproducen la misma estructura empleada en Campbell\u2019s Operative Orthopaedics, 12\u00aa ed., junto con ilustraciones detalladas, fotograf\u00edas intraoperatorias y v\u00eddeos en l\u00ednea (en ingl\u00e9s).<\/span><\/p>\n<p style=\"box-sizing: border-box; padding: 0px; margin: -4px 0px 0px; color: #0f1111; font-family: 'Amazon Ember', Arial, sans-serif; font-size: 14px; background-color: #ffffff;\"><span style=\"box-sizing: border-box;\">Informaci\u00f3n f\u00e1cil de localizar gracias a un pr\u00e1ctico formato tipo Atlas manejable y de f\u00e1cil consulta dirigido a cirujanos ortop\u00e9dicos y traumat\u00f3logos y residentes de esta especialidad.<\/span><\/p>\n","protected":false},"excerpt":{"rendered":"<p>El objetivo principal de esta obra es describir las t\u00e9cnicas b\u00e1sicas que se presentan en Campbell\u2019s Operative Orthopaedics. Este t\u00edtulo recoge 100 de los procedimientos quir\u00fargicos m\u00e1s habituales e importantes de la especialidad. Cubre procedimientos de todas las regiones corporales, intentando as\u00ed convertirse en una herramienta indispensable para mejorar los resultados de los pacientes quir\u00fargicos. [&hellip;]<\/p>\n","protected":false},"featured_media":8656,"comment_status":"open","ping_status":"closed","template":"","meta":[],"product_brand":[],"product_cat":[67],"product_tag":[],"class_list":{"0":"post-8655","1":"product","2":"type-product","3":"status-publish","4":"has-post-thumbnail","6":"product_cat-ortopedia-spanish","8":"first","9":"instock","10":"sale","11":"downloadable","12":"virtual","13":"purchasable","14":"product-type-simple"},"_links":{"self":[{"href":"https:\/\/orthopedicsbooks.com\/index.php?rest_route=\/wp\/v2\/product\/8655","targetHints":{"allow":["GET"]}}],"collection":[{"href":"https:\/\/orthopedicsbooks.com\/index.php?rest_route=\/wp\/v2\/product"}],"about":[{"href":"https:\/\/orthopedicsbooks.com\/index.php?rest_route=\/wp\/v2\/types\/product"}],"replies":[{"embeddable":true,"href":"https:\/\/orthopedicsbooks.com\/index.php?rest_route=%2Fwp%2Fv2%2Fcomments&post=8655"}],"wp:featuredmedia":[{"embeddable":true,"href":"https:\/\/orthopedicsbooks.com\/index.php?rest_route=\/wp\/v2\/media\/8656"}],"wp:attachment":[{"href":"https:\/\/orthopedicsbooks.com\/index.php?rest_route=%2Fwp%2Fv2%2Fmedia&parent=8655"}],"wp:term":[{"taxonomy":"product_brand","embeddable":true,"href":"https:\/\/orthopedicsbooks.com\/index.php?rest_route=%2Fwp%2Fv2%2Fproduct_brand&post=8655"},{"taxonomy":"product_cat","embeddable":true,"href":"https:\/\/orthopedicsbooks.com\/index.php?rest_route=%2Fwp%2Fv2%2Fproduct_cat&post=8655"},{"taxonomy":"product_tag","embeddable":true,"href":"https:\/\/orthopedicsbooks.com\/index.php?rest_route=%2Fwp%2Fv2%2Fproduct_tag&post=8655"}],"curies":[{"name":"wp","href":"https:\/\/api.w.org\/{rel}","templated":true}]}}