{"id":9247,"date":"2026-02-03T02:53:14","date_gmt":"2026-02-03T02:53:14","guid":{"rendered":"https:\/\/orthopedicsbooks.com\/?post_type=product&#038;p=9247"},"modified":"2026-02-03T02:53:14","modified_gmt":"2026-02-03T02:53:14","slug":"biomecanica-bases-del-movimiento-humano","status":"publish","type":"product","link":"https:\/\/orthopedicsbooks.com\/?product=biomecanica-bases-del-movimiento-humano","title":{"rendered":"Biomec\u00e1nica. Bases del movimiento humano"},"content":{"rendered":"<p><span class=\"a-text-bold\">Biomec\u00e1nica. Bases del movimiento humano\u00a0<\/span>ofrece una comprensi\u00f3n precisa y completa del potencial del movimiento humano. Su enfoque principal es la naturaleza cuantitativa de la biomec\u00e1nica y su texto, exigente pero accesible, aplica las leyes del movimiento y de la mec\u00e1nica al an\u00e1lisis profundo de los movimientos espec\u00edficos de cada una de las articulaciones del cuerpo humano. Integra los avances m\u00e1s recientes de la disciplina, ejemplos num\u00e9ricos, ejercicios pr\u00e1cticos y anatom\u00eda funcional, f\u00edsica, c\u00e1lculo y fisiolog\u00eda.<br \/>\nEsta 5.\u00aa edici\u00f3n se encuentra organizada en tres secciones principales: Principios del movimiento humano; Anatom\u00eda funcional, y An\u00e1lisis mec\u00e1nico del movimiento humano. Los cap\u00edtulos se encuentran ordenados para brindar una progresi\u00f3n l\u00f3gica del material esencial que permita la comprensi\u00f3n de la biomec\u00e1nica y el estudio del movimiento humano. Al final del libro se presenta un glosario con la definici\u00f3n de los t\u00e9rminos utilizados en cada cap\u00edtulo y que puede servir como fuente de refuerzo y referencia. Adem\u00e1s, se incluyen cuatro ap\u00e9ndices con informaci\u00f3n sobre las unidades de medici\u00f3n, funciones trigonom\u00e9tricas e informaci\u00f3n pr\u00e1ctica.<br \/>\nEn cuanto a la estructura, cada cap\u00edtulo comienza con una lista de objetivos para permitir al estudiante concentrarse en puntos clave del material y un esquema que brinda una gu\u00eda sobre el contenido que se estudia. Al final se incluye un resumen que recoge los conceptos principales y se presentan preguntas relevantes para ayudar al estudiante a revisar brevemente un concepto.<\/p>\n","protected":false},"excerpt":{"rendered":"<p>Biomec\u00e1nica. Bases del movimiento humano\u00a0ofrece una comprensi\u00f3n precisa y completa del potencial del movimiento humano. Su enfoque principal es la naturaleza cuantitativa de la biomec\u00e1nica y su texto, exigente pero accesible, aplica las leyes del movimiento y de la mec\u00e1nica al an\u00e1lisis profundo de los movimientos espec\u00edficos de cada una de las articulaciones del cuerpo [&hellip;]<\/p>\n","protected":false},"featured_media":9248,"comment_status":"open","ping_status":"closed","template":"","meta":[],"product_brand":[],"product_cat":[67],"product_tag":[],"class_list":{"0":"post-9247","1":"product","2":"type-product","3":"status-publish","4":"has-post-thumbnail","6":"product_cat-ortopedia-spanish","8":"first","9":"instock","10":"sale","11":"downloadable","12":"virtual","13":"purchasable","14":"product-type-simple"},"_links":{"self":[{"href":"https:\/\/orthopedicsbooks.com\/index.php?rest_route=\/wp\/v2\/product\/9247","targetHints":{"allow":["GET"]}}],"collection":[{"href":"https:\/\/orthopedicsbooks.com\/index.php?rest_route=\/wp\/v2\/product"}],"about":[{"href":"https:\/\/orthopedicsbooks.com\/index.php?rest_route=\/wp\/v2\/types\/product"}],"replies":[{"embeddable":true,"href":"https:\/\/orthopedicsbooks.com\/index.php?rest_route=%2Fwp%2Fv2%2Fcomments&post=9247"}],"wp:featuredmedia":[{"embeddable":true,"href":"https:\/\/orthopedicsbooks.com\/index.php?rest_route=\/wp\/v2\/media\/9248"}],"wp:attachment":[{"href":"https:\/\/orthopedicsbooks.com\/index.php?rest_route=%2Fwp%2Fv2%2Fmedia&parent=9247"}],"wp:term":[{"taxonomy":"product_brand","embeddable":true,"href":"https:\/\/orthopedicsbooks.com\/index.php?rest_route=%2Fwp%2Fv2%2Fproduct_brand&post=9247"},{"taxonomy":"product_cat","embeddable":true,"href":"https:\/\/orthopedicsbooks.com\/index.php?rest_route=%2Fwp%2Fv2%2Fproduct_cat&post=9247"},{"taxonomy":"product_tag","embeddable":true,"href":"https:\/\/orthopedicsbooks.com\/index.php?rest_route=%2Fwp%2Fv2%2Fproduct_tag&post=9247"}],"curies":[{"name":"wp","href":"https:\/\/api.w.org\/{rel}","templated":true}]}}