{"id":9506,"date":"2026-05-02T20:27:07","date_gmt":"2026-05-02T20:27:07","guid":{"rendered":"https:\/\/orthopedicsbooks.com\/?post_type=product&#038;p=9506"},"modified":"2026-05-02T22:12:21","modified_gmt":"2026-05-02T22:12:21","slug":"traumatologia-y-ortopedia-miembro-superior","status":"publish","type":"product","link":"https:\/\/orthopedicsbooks.com\/?product=traumatologia-y-ortopedia-miembro-superior","title":{"rendered":"Traumatolog\u00eda y ortopedia. Miembro superior"},"content":{"rendered":"<ul class=\"a-unordered-list a-vertical\">\n<li><span class=\"a-list-item\">La Sociedad Espa\u00f1ola de Cirug\u00eda Ortop\u00e9dica y Traumatolog\u00eda (SECOT) promueve la publicaci\u00f3n de un tratado en cuatro vol\u00famenes que aborda todo el contenido necesario para la adecuada formaci\u00f3n y actualizaci\u00f3n de los cirujanos ortop\u00e9dicos en sus distintas etapas profesionales.<br \/>\n<\/span><\/li>\n<li><span class=\"a-list-item\">Traumatolog\u00eda y ortopedia, el segundo de los vol\u00famenes, se compone de un total de 32 cap\u00edtulos en los que se abordan las afecciones de la extremidad superior, \u00e1rea que presenta una complejidad especial debido a las incapacidades y secuelas que pueden producir las enfermedades ocurridas en esta regi\u00f3n anat\u00f3mica, la cual posee unas caracter\u00edsticas funcionales privativas de la especie humana.<br \/>\n<\/span><\/li>\n<li><span class=\"a-list-item\">Participan en esta obra destacados especialistas de Cirug\u00eda ortop\u00e9dica y traumatolog\u00eda, vinculados a la SECOT, aportando as\u00ed al contenido una gran experiencia cl\u00ednica y docente que hace que esta obra se convierta en una herramienta fundamental para la formaci\u00f3n y puesta al d\u00eda de especialistas.<\/span><\/li>\n<\/ul>\n<p>Aborda el conocimiento y la patolog\u00eda del miembro superior as\u00ed como el avance en las t\u00e9cnicas quir\u00fargicas m\u00e1s avanzadas.<\/p>\n<p>La Sociedad Espa\u00f1ola de Cirug\u00eda Ortop\u00e9dica y Traumatolog\u00eda (SECOT) promueve la publicaci\u00f3n de un tratado en cuatro vol\u00famenes que aborda todo el contenido necesario para la adecuada formaci\u00f3n y actualizaci\u00f3n de los cirujanos ortop\u00e9dicos en sus distintas etapas profesionales.<\/p>\n<p>Traumatolog\u00eda y ortopedia. Miembro superior, el segundo de los vol\u00famenes, se compone de un total de 32 cap\u00edtulos en los que se abordan las afecciones de la extremidad superior, \u00e1rea que presenta una complejidad especial debido a las incapacidades y secuelas que pueden producir las enfermedades ocurridas en esta regi\u00f3n anat\u00f3mica, la cual posee unas caracter\u00edsticas funcionales privativas de la especie humana.<\/p>\n<p>Participan en esta obra destacados especialistas de Cirug\u00eda ortop\u00e9dica y traumatolog\u00eda, vinculados a la SECOT, aportando as\u00ed al contenido una gran experiencia cl\u00ednica y docente que hace que esta obra se convierta en una herramienta fundamental para la formaci\u00f3n y puesta al d\u00eda de especialistas.<\/p>\n","protected":false},"excerpt":{"rendered":"<p>La Sociedad Espa\u00f1ola de Cirug\u00eda Ortop\u00e9dica y Traumatolog\u00eda (SECOT) promueve la publicaci\u00f3n de un tratado en cuatro vol\u00famenes que aborda todo el contenido necesario para la adecuada formaci\u00f3n y actualizaci\u00f3n de los cirujanos ortop\u00e9dicos en sus distintas etapas profesionales. Traumatolog\u00eda y ortopedia, el segundo de los vol\u00famenes, se compone de un total de 32 cap\u00edtulos [&hellip;]<\/p>\n","protected":false},"featured_media":9507,"comment_status":"open","ping_status":"closed","template":"","meta":[],"product_brand":[],"product_cat":[67],"product_tag":[],"class_list":{"0":"post-9506","1":"product","2":"type-product","3":"status-publish","4":"has-post-thumbnail","6":"product_cat-ortopedia-spanish","8":"first","9":"instock","10":"sale","11":"downloadable","12":"virtual","13":"purchasable","14":"product-type-simple"},"_links":{"self":[{"href":"https:\/\/orthopedicsbooks.com\/index.php?rest_route=\/wp\/v2\/product\/9506","targetHints":{"allow":["GET"]}}],"collection":[{"href":"https:\/\/orthopedicsbooks.com\/index.php?rest_route=\/wp\/v2\/product"}],"about":[{"href":"https:\/\/orthopedicsbooks.com\/index.php?rest_route=\/wp\/v2\/types\/product"}],"replies":[{"embeddable":true,"href":"https:\/\/orthopedicsbooks.com\/index.php?rest_route=%2Fwp%2Fv2%2Fcomments&post=9506"}],"wp:featuredmedia":[{"embeddable":true,"href":"https:\/\/orthopedicsbooks.com\/index.php?rest_route=\/wp\/v2\/media\/9507"}],"wp:attachment":[{"href":"https:\/\/orthopedicsbooks.com\/index.php?rest_route=%2Fwp%2Fv2%2Fmedia&parent=9506"}],"wp:term":[{"taxonomy":"product_brand","embeddable":true,"href":"https:\/\/orthopedicsbooks.com\/index.php?rest_route=%2Fwp%2Fv2%2Fproduct_brand&post=9506"},{"taxonomy":"product_cat","embeddable":true,"href":"https:\/\/orthopedicsbooks.com\/index.php?rest_route=%2Fwp%2Fv2%2Fproduct_cat&post=9506"},{"taxonomy":"product_tag","embeddable":true,"href":"https:\/\/orthopedicsbooks.com\/index.php?rest_route=%2Fwp%2Fv2%2Fproduct_tag&post=9506"}],"curies":[{"name":"wp","href":"https:\/\/api.w.org\/{rel}","templated":true}]}}