{"id":9517,"date":"2026-05-02T23:11:51","date_gmt":"2026-05-02T23:11:51","guid":{"rendered":"https:\/\/orthopedicsbooks.com\/?post_type=product&#038;p=9517"},"modified":"2026-05-02T23:13:14","modified_gmt":"2026-05-02T23:13:14","slug":"traumatologia-y-ortopedia-raquis-y-ortopedia-infantil-spanish-edition","status":"publish","type":"product","link":"https:\/\/orthopedicsbooks.com\/?product=traumatologia-y-ortopedia-raquis-y-ortopedia-infantil-spanish-edition","title":{"rendered":"Traumatolog\u00eda y ortopedia. Raquis y ortopedia infantil (Spanish Edition)"},"content":{"rendered":"<div>\n<div>\u2013 La Sociedad Espa\u00f1ola de Cirug\u00eda ortop\u00e9dica y traumatolog\u00eda pone en marcha este tratado general que pretende abordar con exhaustividad todos aquellos temas de inter\u00e9s tanto para el cirujano ortop\u00e9dico general como para aquellos que est\u00e9n especializados en regiones concretas.<br \/>\n\u2013 La obra completa estar\u00e1 compuesta de 4 vol\u00famenes que se comercializar\u00e1n de manera independiente, siendo el primero de ellos de car\u00e1cter m\u00e1s general\u00a0 y los tres siguientes con un enfoque m\u00e1s especializado.<br \/>\n\u2013 Este volumen abordar todas y cada una de las patolog\u00edas de origen traumatol\u00f3gica que afectan al paciente pedi\u00e1trico y adolescentes, convierti\u00e9ndose en una herramienta fundamental para todos aquellos profesionales que traten a este tipo de pacientes.<\/div>\n<\/div>\n","protected":false},"excerpt":{"rendered":"<p>\u2013 La Sociedad Espa\u00f1ola de Cirug\u00eda ortop\u00e9dica y traumatolog\u00eda pone en marcha este tratado general que pretende abordar con exhaustividad todos aquellos temas de inter\u00e9s tanto para el cirujano ortop\u00e9dico general como para aquellos que est\u00e9n especializados en regiones concretas. \u2013 La obra completa estar\u00e1 compuesta de 4 vol\u00famenes que se comercializar\u00e1n de manera independiente, [&hellip;]<\/p>\n","protected":false},"featured_media":9516,"comment_status":"open","ping_status":"closed","template":"","meta":[],"product_brand":[],"product_cat":[67],"product_tag":[],"class_list":{"0":"post-9517","1":"product","2":"type-product","3":"status-publish","4":"has-post-thumbnail","6":"product_cat-ortopedia-spanish","8":"first","9":"instock","10":"sale","11":"downloadable","12":"virtual","13":"purchasable","14":"product-type-simple"},"_links":{"self":[{"href":"https:\/\/orthopedicsbooks.com\/index.php?rest_route=\/wp\/v2\/product\/9517","targetHints":{"allow":["GET"]}}],"collection":[{"href":"https:\/\/orthopedicsbooks.com\/index.php?rest_route=\/wp\/v2\/product"}],"about":[{"href":"https:\/\/orthopedicsbooks.com\/index.php?rest_route=\/wp\/v2\/types\/product"}],"replies":[{"embeddable":true,"href":"https:\/\/orthopedicsbooks.com\/index.php?rest_route=%2Fwp%2Fv2%2Fcomments&post=9517"}],"wp:featuredmedia":[{"embeddable":true,"href":"https:\/\/orthopedicsbooks.com\/index.php?rest_route=\/wp\/v2\/media\/9516"}],"wp:attachment":[{"href":"https:\/\/orthopedicsbooks.com\/index.php?rest_route=%2Fwp%2Fv2%2Fmedia&parent=9517"}],"wp:term":[{"taxonomy":"product_brand","embeddable":true,"href":"https:\/\/orthopedicsbooks.com\/index.php?rest_route=%2Fwp%2Fv2%2Fproduct_brand&post=9517"},{"taxonomy":"product_cat","embeddable":true,"href":"https:\/\/orthopedicsbooks.com\/index.php?rest_route=%2Fwp%2Fv2%2Fproduct_cat&post=9517"},{"taxonomy":"product_tag","embeddable":true,"href":"https:\/\/orthopedicsbooks.com\/index.php?rest_route=%2Fwp%2Fv2%2Fproduct_tag&post=9517"}],"curies":[{"name":"wp","href":"https:\/\/api.w.org\/{rel}","templated":true}]}}